{"id":44131,"date":"2026-01-01T11:12:41","date_gmt":"2026-01-01T10:12:41","guid":{"rendered":"https:\/\/www.coolhumans.org\/contact\/"},"modified":"2026-02-06T11:02:20","modified_gmt":"2026-02-06T10:02:20","slug":"contact","status":"publish","type":"page","link":"https:\/\/www.coolhumans.org\/fr\/contact\/","title":{"rendered":"Contact"},"content":{"rendered":"\t\t<div data-elementor-type=\"wp-page\" data-elementor-id=\"44131\" class=\"elementor elementor-44131 elementor-1453\">\n\t\t\t\t\t\t<section class=\"elementor-section elementor-top-section elementor-element elementor-element-48b1d739 elementor-section-boxed elementor-section-height-default elementor-section-height-default sc_fly_static\" data-id=\"48b1d739\" data-element_type=\"section\">\n\t\t\t\t\t\t<div class=\"elementor-container elementor-column-gap-extended\">\n\t\t\t\t\t<div class=\"elementor-column elementor-col-100 elementor-top-column elementor-element elementor-element-6dfd17c1 sc_content_align_inherit sc_layouts_column_icons_position_left sc_fly_static\" data-id=\"6dfd17c1\" data-element_type=\"column\">\n\t\t\t<div class=\"elementor-widget-wrap elementor-element-populated\">\n\t\t\t\t\t\t<section class=\"elementor-section elementor-inner-section elementor-element elementor-element-575cebcb elementor-section-boxed elementor-section-height-default elementor-section-height-default sc_fly_static\" data-id=\"575cebcb\" data-element_type=\"section\">\n\t\t\t\t\t\t<div class=\"elementor-container elementor-column-gap-no\">\n\t\t\t\t\t<div class=\"elementor-column elementor-col-50 elementor-inner-column elementor-element elementor-element-49b09bf9 sc_content_align_inherit sc_layouts_column_icons_position_left sc_fly_static\" data-id=\"49b09bf9\" data-element_type=\"column\">\n\t\t\t<div class=\"elementor-widget-wrap elementor-element-populated\">\n\t\t\t\t\t\t<div class=\"elementor-element elementor-element-69a18b5d elementor-widget-tablet__width-initial sc_fly_static elementor-widget elementor-widget-trx_sc_title\" data-id=\"69a18b5d\" data-element_type=\"widget\" data-widget_type=\"trx_sc_title.default\">\n\t\t\t\t<div class=\"elementor-widget-container\">\n\t\t\t\t\t<div\t\tclass=\"sc_title sc_title_default\" ><span class=\"sc_item_subtitle sc_title_subtitle sc_item_subtitle_above sc_item_title_style_default\">Contact  <\/span><h1 class=\"sc_item_title sc_title_title sc_item_title_style_default sc_item_title_tag\"\n\t\t\t><span class=\"sc_item_title_text\">Vous avez des questions ? <br>Prenez contact avec nous ! <\/span><\/h1><div class=\"sc_item_descr sc_title_descr\"><p>Envoyez un message \u00e0 l'aide du formulaire et vous recevrez votre r\u00e9ponse dans les plus brefs d\u00e9lais.<\/p>\n<\/div><\/div>\t\t\t\t<\/div>\n\t\t\t\t<\/div>\n\t\t\t\t<div class=\"elementor-element elementor-element-1f5f157 sc_fly_static elementor-widget elementor-widget-spacer\" data-id=\"1f5f157\" data-element_type=\"widget\" data-widget_type=\"spacer.default\">\n\t\t\t\t<div class=\"elementor-widget-container\">\n\t\t\t\t\t\t\t<div class=\"elementor-spacer\">\n\t\t\t<div class=\"elementor-spacer-inner\"><\/div>\n\t\t<\/div>\n\t\t\t\t\t\t<\/div>\n\t\t\t\t<\/div>\n\t\t\t\t<div class=\"elementor-element elementor-element-50a7ee75 sc_fly_static elementor-widget elementor-widget-trx_sc_icons\" data-id=\"50a7ee75\" data-element_type=\"widget\" data-widget_type=\"trx_sc_icons.default\">\n\t\t\t\t<div class=\"elementor-widget-container\">\n\t\t\t\t\t<div \tclass=\"sc_icons sc_icons_simple sc_icons_size_small sc_align_none\" ><div class=\"sc_icons_item sc_icons_item_linked\"><div class=\"sc_icons_icon sc_icon_type_ icon-marker\" ><span class=\"sc_icon_type_ icon-marker\"><\/span><\/div><div class=\"sc_icons_item_details\"><div class=\"sc_icons_item_description\"><span>Blonay, 1807 Vaud Suisse<\/span><\/div><a href=\"https:\/\/www.google.com\/maps\/place\/Blonay+-+Saint-L%C3%A9gier\/@46.4835933,6.8759004,13z\/data=!3m1!4b1!4m6!3m5!1s0x478e84e88b4bcd83:0x2cd3ed2c8e6afca1!8m2!3d46.4903688!4d6.9202587!16s%2Fg%2F11s5qlv3fr?entry=ttu&#038;g_ep=EgoyMDI1MTIwOS4wIKXMDSoASAFQAw%3D%3D\"\n                        class=\"sc_icons_item_link\">\n                        <\/a><\/div><\/div><div class=\"sc_icons_item\"><div class=\"sc_icons_item_details\"><div class=\"sc_icons_item_description\"><span><\/span><span><\/span><\/div><\/div><\/div><\/div><!-- \/.sc_icons -->\t\t\t\t<\/div>\n\t\t\t\t<\/div>\n\t\t\t\t<div class=\"elementor-element elementor-element-d5b143d elementor-widget-tablet__width-initial sc_fly_static elementor-widget elementor-widget-image\" data-id=\"d5b143d\" data-element_type=\"widget\" data-widget_type=\"image.default\">\n\t\t\t\t<div class=\"elementor-widget-container\">\n\t\t\t\t\t\t\t\t\t\t\t\t\t\t\t<img fetchpriority=\"high\" decoding=\"async\" width=\"768\" height=\"1024\" src=\"https:\/\/www.coolhumans.org\/wp-content\/uploads\/2025\/09\/D81C46EA-1ECF-464B-AFF6-18E8FC6BAFA9_1_105_c.jpeg\" class=\"attachment-large size-large wp-image-44134\" alt=\"\" srcset=\"https:\/\/www.coolhumans.org\/wp-content\/uploads\/2025\/09\/D81C46EA-1ECF-464B-AFF6-18E8FC6BAFA9_1_105_c.jpeg 768w, https:\/\/www.coolhumans.org\/wp-content\/uploads\/2025\/09\/D81C46EA-1ECF-464B-AFF6-18E8FC6BAFA9_1_105_c-225x300.jpeg 225w, https:\/\/www.coolhumans.org\/wp-content\/uploads\/2025\/09\/D81C46EA-1ECF-464B-AFF6-18E8FC6BAFA9_1_105_c-370x493.jpeg 370w, https:\/\/www.coolhumans.org\/wp-content\/uploads\/2025\/09\/D81C46EA-1ECF-464B-AFF6-18E8FC6BAFA9_1_105_c-410x547.jpeg 410w, https:\/\/www.coolhumans.org\/wp-content\/uploads\/2025\/09\/D81C46EA-1ECF-464B-AFF6-18E8FC6BAFA9_1_105_c-600x800.jpeg 600w\" sizes=\"(max-width: 768px) 100vw, 768px\" \/>\t\t\t\t\t\t\t\t\t\t\t\t\t\t\t<\/div>\n\t\t\t\t<\/div>\n\t\t\t\t\t<\/div>\n\t\t<\/div>\n\t\t\t\t<div class=\"elementor-column elementor-col-50 elementor-inner-column elementor-element elementor-element-74b2617c sc_content_align_inherit sc_layouts_column_icons_position_left sc_fly_static\" data-id=\"74b2617c\" data-element_type=\"column\">\n\t\t\t<div class=\"elementor-widget-wrap elementor-element-populated\">\n\t\t\t\t\t\t<div class=\"elementor-element elementor-element-0bc7cbe elementor-widget-tablet__width-initial sc_fly_static elementor-widget elementor-widget-shortcode\" data-id=\"0bc7cbe\" data-element_type=\"widget\" data-widget_type=\"shortcode.default\">\n\t\t\t\t<div class=\"elementor-widget-container\">\n\t\t\t\t\t\t\t<div class=\"elementor-shortcode\">\n<div class=\"wpcf7 no-js\" id=\"wpcf7-f44434-o1\" lang=\"fr-FR\" dir=\"ltr\" data-wpcf7-id=\"44434\">\n<div class=\"screen-reader-response\"><p role=\"status\" aria-live=\"polite\" aria-atomic=\"true\"><\/p> <ul><\/ul><\/div>\n<form action=\"\/fr\/wp-json\/wp\/v2\/pages\/44131#wpcf7-f44434-o1\" method=\"post\" class=\"wpcf7-form init\" aria-label=\"Formulaire de contact\" novalidate=\"novalidate\" data-status=\"init\">\n<fieldset class=\"hidden-fields-container\"><input type=\"hidden\" name=\"_wpcf7\" value=\"44434\" \/><input type=\"hidden\" name=\"_wpcf7_version\" value=\"6.1.4\" \/><input type=\"hidden\" name=\"_wpcf7_locale\" value=\"fr_FR\" \/><input type=\"hidden\" name=\"_wpcf7_unit_tag\" value=\"wpcf7-f44434-o1\" \/><input type=\"hidden\" name=\"_wpcf7_container_post\" value=\"0\" \/><input type=\"hidden\" name=\"_wpcf7_posted_data_hash\" value=\"\" \/>\n<\/fieldset>\n<p><label> Vos nom et pr\u00e9nom<br \/>\n<span class=\"wpcf7-form-control-wrap\" data-name=\"your-name\"><input size=\"40\" maxlength=\"400\" class=\"wpcf7-form-control wpcf7-text wpcf7-validates-as-required\" autocomplete=\"name\" aria-required=\"true\" aria-invalid=\"false\" value=\"\" type=\"text\" name=\"your-name\" \/><\/span> <\/label>\n<\/p>\n<p><label> Votre email<br \/>\n<span class=\"wpcf7-form-control-wrap\" data-name=\"your-email\"><input size=\"40\" maxlength=\"400\" class=\"wpcf7-form-control wpcf7-email wpcf7-validates-as-required wpcf7-text wpcf7-validates-as-email\" autocomplete=\"email\" aria-required=\"true\" aria-invalid=\"false\" value=\"\" type=\"email\" name=\"your-email\" \/><\/span> <\/label>\n<\/p>\n<p><label> Votre num\u00e9ro de t\u00e9l\u00e9phone<br \/>\n<span class=\"wpcf7-form-control-wrap\" data-name=\"your-phone\"><input size=\"40\" maxlength=\"400\" class=\"wpcf7-form-control wpcf7-text wpcf7-validates-as-required\" autocomplete=\"phone\" aria-required=\"true\" aria-invalid=\"false\" value=\"\" type=\"text\" name=\"your-phone\" \/><\/span> <\/label>\n<\/p>\n<p><label> Sujet<br \/>\n<span class=\"wpcf7-form-control-wrap\" data-name=\"your-subject\"><input size=\"40\" maxlength=\"400\" class=\"wpcf7-form-control wpcf7-text wpcf7-validates-as-required\" aria-required=\"true\" aria-invalid=\"false\" value=\"\" type=\"text\" name=\"your-subject\" \/><\/span> <\/label>\n<\/p>\n<p><label> Votre message<br \/>\n<span class=\"wpcf7-form-control-wrap\" data-name=\"your-message\"><textarea cols=\"40\" rows=\"10\" maxlength=\"2000\" class=\"wpcf7-form-control wpcf7-textarea\" aria-invalid=\"false\" name=\"your-message\"><\/textarea><\/span> <\/label>\n<\/p>\n<p><input class=\"wpcf7-form-control wpcf7-submit has-spinner\" type=\"submit\" value=\"Envoyer\" \/>\n<\/p><div class=\"wpcf7-response-output\" aria-hidden=\"true\"><\/div>\n<\/form>\n<\/div>\n\n\n<\/div>\n\t\t\t\t\t\t<\/div>\n\t\t\t\t<\/div>\n\t\t\t\t<div class=\"elementor-element elementor-element-3500c41a sc_fly_static elementor-widget elementor-widget-spacer\" data-id=\"3500c41a\" data-element_type=\"widget\" data-widget_type=\"spacer.default\">\n\t\t\t\t<div class=\"elementor-widget-container\">\n\t\t\t\t\t\t\t<div class=\"elementor-spacer\">\n\t\t\t<div class=\"elementor-spacer-inner\"><\/div>\n\t\t<\/div>\n\t\t\t\t\t\t<\/div>\n\t\t\t\t<\/div>\n\t\t\t\t\t<\/div>\n\t\t<\/div>\n\t\t\t\t\t<\/div>\n\t\t<\/section>\n\t\t\t\t<div class=\"elementor-element elementor-element-9956c97 sc_fly_static elementor-widget elementor-widget-google_maps\" data-id=\"9956c97\" data-element_type=\"widget\" data-widget_type=\"google_maps.default\">\n\t\t\t\t<div class=\"elementor-widget-container\">\n\t\t\t\t\t\t\t<div class=\"elementor-custom-embed\">\n\t\t\t<iframe loading=\"lazy\"\n\t\t\t\t\tsrc=\"https:\/\/maps.google.com\/maps?q=Blonay%2C%20Switzerland&#038;t=m&#038;z=10&#038;output=embed&#038;iwloc=near\"\n\t\t\t\t\ttitle=\"Blonay, Switzerland\"\n\t\t\t\t\taria-label=\"Blonay, Switzerland\"\n\t\t\t><\/iframe>\n\t\t<\/div>\n\t\t\t\t\t\t<\/div>\n\t\t\t\t<\/div>\n\t\t\t\t\t<\/div>\n\t\t<\/div>\n\t\t\t\t\t<\/div>\n\t\t<\/section>\n\t\t\t\t<\/div>\n\t\t","protected":false},"excerpt":{"rendered":"<p>Contact Vous avez des questions ? Prenez contact avec nous ! Envoyez un message \u00e0 l&rsquo;aide du formulaire et vous recevrez votre r\u00e9ponse dans les plus brefs d\u00e9lais. Blonay, 1807&hellip;<\/p>\n","protected":false},"author":1,"featured_media":0,"parent":0,"menu_order":0,"comment_status":"closed","ping_status":"closed","template":"","meta":{"footnotes":""},"class_list":["post-44131","page","type-page","status-publish","hentry"],"_links":{"self":[{"href":"https:\/\/www.coolhumans.org\/fr\/wp-json\/wp\/v2\/pages\/44131","targetHints":{"allow":["GET"]}}],"collection":[{"href":"https:\/\/www.coolhumans.org\/fr\/wp-json\/wp\/v2\/pages"}],"about":[{"href":"https:\/\/www.coolhumans.org\/fr\/wp-json\/wp\/v2\/types\/page"}],"author":[{"embeddable":true,"href":"https:\/\/www.coolhumans.org\/fr\/wp-json\/wp\/v2\/users\/1"}],"replies":[{"embeddable":true,"href":"https:\/\/www.coolhumans.org\/fr\/wp-json\/wp\/v2\/comments?post=44131"}],"version-history":[{"count":1,"href":"https:\/\/www.coolhumans.org\/fr\/wp-json\/wp\/v2\/pages\/44131\/revisions"}],"predecessor-version":[{"id":44143,"href":"https:\/\/www.coolhumans.org\/fr\/wp-json\/wp\/v2\/pages\/44131\/revisions\/44143"}],"wp:attachment":[{"href":"https:\/\/www.coolhumans.org\/fr\/wp-json\/wp\/v2\/media?parent=44131"}],"curies":[{"name":"wp","href":"https:\/\/api.w.org\/{rel}","templated":true}]}}