{"id":44358,"date":"2021-01-12T09:19:17","date_gmt":"2021-01-12T08:19:17","guid":{"rendered":"https:\/\/www.coolhumans.org\/testimonios\/"},"modified":"2026-02-06T11:11:48","modified_gmt":"2026-02-06T10:11:48","slug":"testimonios","status":"publish","type":"page","link":"https:\/\/www.coolhumans.org\/es\/testimonios\/","title":{"rendered":"Testimonios"},"content":{"rendered":"\t\t<div data-elementor-type=\"wp-page\" data-elementor-id=\"44358\" class=\"elementor elementor-44358 elementor-2332\">\n\t\t\t\t\t\t<section class=\"elementor-section elementor-top-section elementor-element elementor-element-6f71b728 elementor-section-boxed elementor-section-height-default elementor-section-height-default sc_fly_static\" data-id=\"6f71b728\" data-element_type=\"section\">\n\t\t\t\t\t\t<div class=\"elementor-container elementor-column-gap-extended\">\n\t\t\t\t\t<div class=\"elementor-column elementor-col-100 elementor-top-column elementor-element elementor-element-7ca92ac1 sc_content_align_inherit sc_layouts_column_icons_position_left sc_fly_static\" data-id=\"7ca92ac1\" data-element_type=\"column\">\n\t\t\t<div class=\"elementor-widget-wrap\">\n\t\t\t\t\t\t\t<\/div>\n\t\t<\/div>\n\t\t\t\t\t<\/div>\n\t\t<\/section>\n\t\t\t\t<section class=\"elementor-section elementor-top-section elementor-element elementor-element-b8a85df elementor-section-boxed elementor-section-height-default elementor-section-height-default sc_fly_static\" data-id=\"b8a85df\" data-element_type=\"section\">\n\t\t\t\t\t\t<div class=\"elementor-container elementor-column-gap-narrow\">\n\t\t\t\t\t<div class=\"elementor-column elementor-col-100 elementor-top-column elementor-element elementor-element-7e0f4450 sc_content_align_inherit sc_layouts_column_icons_position_left sc_fly_static\" data-id=\"7e0f4450\" data-element_type=\"column\">\n\t\t\t<div class=\"elementor-widget-wrap elementor-element-populated\">\n\t\t\t\t\t\t<div class=\"elementor-element elementor-element-66827158 sc_height_huge sc_fly_static elementor-widget elementor-widget-spacer\" data-id=\"66827158\" data-element_type=\"widget\" data-widget_type=\"spacer.default\">\n\t\t\t\t<div class=\"elementor-widget-container\">\n\t\t\t\t\t\t\t<div class=\"elementor-spacer\">\n\t\t\t<div class=\"elementor-spacer-inner\"><\/div>\n\t\t<\/div>\n\t\t\t\t\t\t<\/div>\n\t\t\t\t<\/div>\n\t\t\t\t<div class=\"elementor-element elementor-element-2898e104 sc_height_huge sc_fly_static elementor-widget elementor-widget-spacer\" data-id=\"2898e104\" data-element_type=\"widget\" data-widget_type=\"spacer.default\">\n\t\t\t\t<div class=\"elementor-widget-container\">\n\t\t\t\t\t\t\t<div class=\"elementor-spacer\">\n\t\t\t<div class=\"elementor-spacer-inner\"><\/div>\n\t\t<\/div>\n\t\t\t\t\t\t<\/div>\n\t\t\t\t<\/div>\n\t\t\t\t\t<\/div>\n\t\t<\/div>\n\t\t\t\t\t<\/div>\n\t\t<\/section>\n\t\t\t\t<section class=\"elementor-section elementor-top-section elementor-element elementor-element-22fd5038 scheme_default elementor-section-boxed elementor-section-height-default elementor-section-height-default sc_fly_static\" data-id=\"22fd5038\" data-element_type=\"section\" data-settings=\"{&quot;background_background&quot;:&quot;classic&quot;}\">\n\t\t\t\t\t\t<div class=\"elementor-container elementor-column-gap-extended\">\n\t\t\t\t\t<div class=\"elementor-column elementor-col-100 elementor-top-column elementor-element elementor-element-38599e76 sc_content_align_inherit sc_layouts_column_icons_position_left sc_fly_static\" data-id=\"38599e76\" data-element_type=\"column\">\n\t\t\t<div class=\"elementor-widget-wrap elementor-element-populated\">\n\t\t\t\t\t\t<div class=\"elementor-element elementor-element-66334b9f sc_fly_static elementor-widget elementor-widget-trx_sc_title\" data-id=\"66334b9f\" data-element_type=\"widget\" data-widget_type=\"trx_sc_title.default\">\n\t\t\t\t<div class=\"elementor-widget-container\">\n\t\t\t\t\t<div\t\tclass=\"sc_title sc_title_default\" ><span class=\"sc_item_subtitle sc_title_subtitle sc_align_center sc_item_subtitle_above sc_item_title_style_default\">nuestro blog<\/span><h1 class=\"sc_item_title sc_title_title sc_align_center sc_item_title_style_default sc_item_title_tag\"\n\t\t\t><span class=\"sc_item_title_text\">\u00daltimas noticias y actualizaciones<\/span><\/h1><\/div>\t\t\t\t<\/div>\n\t\t\t\t<\/div>\n\t\t\t\t<div class=\"elementor-element elementor-element-11d650 sc_height_small sc_fly_static elementor-widget elementor-widget-spacer\" data-id=\"11d650\" data-element_type=\"widget\" data-widget_type=\"spacer.default\">\n\t\t\t\t<div class=\"elementor-widget-container\">\n\t\t\t\t\t\t\t<div class=\"elementor-spacer\">\n\t\t\t<div class=\"elementor-spacer-inner\"><\/div>\n\t\t<\/div>\n\t\t\t\t\t\t<\/div>\n\t\t\t\t<\/div>\n\t\t\t\t<div data-animation-type=\"sequental\" data-animation-stagger=\"\" class=\"elementor-element elementor-element-67d00ec2 animation_type_sequental sc_style_default sc_fly_static elementor-invisible elementor-widget elementor-widget-trx_sc_blogger\" data-id=\"67d00ec2\" data-element_type=\"widget\" data-settings=\"{&quot;_animation&quot;:&quot;beyoga-fadeinup&quot;,&quot;_animation_delay&quot;:100}\" data-widget_type=\"trx_sc_blogger.default\">\n\t\t\t\t<div class=\"elementor-widget-container\">\n\t\t\t\t\t<div \t\tclass=\"sc_blogger sc_blogger_default sc_blogger_default_classic sc_item_filters_tabs_none alignnone\" ><div  class=\"sc_blogger_slider sc_item_slider slider_swiper_outer slider_outer slider_outer_nocontrols slider_outer_pagination slider_outer_pagination_bullets slider_outer_pagination_pos_bottom slider_outer_nocentered slider_outer_overflow_hidden slider_outer_multi\">\n\t<div  data-slides-per-view-breakpoints=\"{&quot;767&quot;:2,&quot;999999&quot;:4}\" data-slides-space-breakpoints=\"{&quot;999999&quot;:30}\" class=\"slider_container swiper-slider-container slider_swiper slider_noresize slider_nocontrols slider_pagination slider_pagination_bullets slider_pagination_pos_bottom slider_nocentered slider_overflow_hidden slider_multi\" data-slides-per-view=\"4\" data-slides-space=\"30\" data-effect=\"slide\" data-slides-min-width=\"220\" data-pagination=\"bullets\" data-direction=\"horizontal\" data-mouse-wheel=\"0\" data-autoplay=\"1\" data-loop=\"1\" data-free-mode=\"0\" data-slides-centered=\"0\" data-slides-overflow=\"0\">\n\t\t<div class=\"slides slider-wrapper swiper-wrapper sc_item_columns_4\"><div class=\"slider-slide swiper-slide\"><div data-post-id=\"44427\" data-item-number=\"1\" class=\"sc_blogger_item sc_item_container post_container sc_blogger_item_default sc_blogger_item_default_classic sc_blogger_item_odd sc_blogger_item_align_none post_format_standard sc_blogger_item_with_image sc_blogger_item_no_excerpt sc_blogger_item_image_position_top post-44427 post type-post status-publish format-standard has-post-thumbnail hentry category-estandar category-historias tag-abuso tag-adiccion tag-anade tag-ansiedad tag-crisis tag-depresion tag-dolor-cronico tag-enfermedad-autoinmune tag-estres tag-miedo tag-pensamientos-intrusivos tag-quemarse tag-ruptura tag-sanacion tag-tdah tag-terapia tag-terapia-somatica tag-trauma\" ><div class=\"sc_blogger_item_body\"><div class=\"post_featured with_thumb hover_link sc_item_featured sc_blogger_item_featured\"><img fetchpriority=\"high\" decoding=\"async\" width=\"890\" height=\"602\" src=\"https:\/\/www.coolhumans.org\/wp-content\/uploads\/2023\/05\/Imagen-1-890x602.png\" class=\"attachment-beyoga-thumb-square size-beyoga-thumb-square wp-post-image\" alt=\"\" \/>\t\t\t\t\t\t<div class=\"mask\"><\/div>\n\t\t\t\t\t\t\t\t\t<a href=\"https:\/\/www.coolhumans.org\/es\/quien-es-gabor-mate\/\"  aria-hidden=\"true\" class=\"link\"><\/a>\n\t\t\t<\/div><div class=\"sc_blogger_item_content entry-content\"><div class=\"post_meta sc_blogger_item_meta post_meta_categories\"><span class=\"post_meta_item post_categories cat_sep\"><a href=\"https:\/\/www.coolhumans.org\/es\/category\/estandar\/\" rel=\"category tag\">Est\u00e1ndar<\/a><span class=\"post_meta_item_cat_separator\">, <\/span><a href=\"https:\/\/www.coolhumans.org\/es\/category\/historias\/\" rel=\"category tag\">Historias<\/a><\/span><\/div><h5 class=\"sc_blogger_item_title entry-title\" data-item-number=\"1\"><a href=\"https:\/\/www.coolhumans.org\/es\/quien-es-gabor-mate\/\" rel=\"bookmark\">\u00bfQui\u00e9n es Gabor Mate?<\/a><\/h5><div class=\"post_meta sc_blogger_item_meta post_meta\"><span class=\"post_meta_item post_date\"><a href=\"https:\/\/www.coolhumans.org\/es\/quien-es-gabor-mate\/\">14 de mayo de 2023<\/a><\/span><a href=\"https:\/\/www.coolhumans.org\/es\/quien-es-gabor-mate\/#respond\" class=\"post_meta_item post_meta_comments icon-comment-light\"><span class=\"post_meta_number\">0<\/span><span class=\"post_meta_label\">Comments<\/span><\/a><\/div><\/div><!-- .entry-content --><\/div><!-- .sc_blogger_item_body --><\/div><!-- .sc_blogger_item --><\/div><div class=\"slider-slide swiper-slide\"><div data-post-id=\"44245\" data-item-number=\"2\" class=\"sc_blogger_item sc_item_container post_container sc_blogger_item_default sc_blogger_item_default_classic sc_blogger_item_even sc_blogger_item_align_none post_format_quote sc_blogger_item_with_image sc_blogger_item_no_excerpt sc_blogger_item_image_position_top post-44245 post type-post status-publish format-quote has-post-thumbnail hentry category-estandar category-historias tag-abuso tag-adiccion tag-anade tag-ansiedad tag-crisis tag-depresion tag-dolor-cronico tag-enfermedad-autoinmune tag-estres tag-miedo tag-pensamientos-intrusivos tag-quemarse tag-relaciones-disfuncionales tag-ruptura tag-sanacion tag-tdah tag-terapia tag-terapia-somatica tag-trauma post_format-post-format-quote\" ><div class=\"sc_blogger_item_body\"><div class=\"post_featured with_thumb hover_link sc_item_featured sc_blogger_item_featured\"><img decoding=\"async\" width=\"768\" height=\"664\" src=\"https:\/\/www.coolhumans.org\/wp-content\/uploads\/2025\/09\/8ED81ABC-0A4D-4984-8F06-C8E5D100D151_1_105_c-768x664.jpg\" class=\"attachment-beyoga-thumb-square size-beyoga-thumb-square wp-post-image\" alt=\"\" \/>\t\t\t\t\t\t<div class=\"mask\"><\/div>\n\t\t\t\t\t\t\t\t\t<a href=\"https:\/\/www.coolhumans.org\/es\/que-ocurre-cuando-vives-con-un-trauma\/\"  aria-hidden=\"true\" class=\"link\"><\/a>\n\t\t\t<\/div><div class=\"sc_blogger_item_content entry-content\"><div class=\"post_meta sc_blogger_item_meta post_meta_categories\"><span class=\"post_meta_item post_categories cat_sep\"><a href=\"https:\/\/www.coolhumans.org\/es\/category\/estandar\/\" rel=\"category tag\">Est\u00e1ndar<\/a><span class=\"post_meta_item_cat_separator\">, <\/span><a href=\"https:\/\/www.coolhumans.org\/es\/category\/historias\/\" rel=\"category tag\">Historias<\/a><\/span><\/div><h5 class=\"sc_blogger_item_title entry-title\" data-item-number=\"2\"><a href=\"https:\/\/www.coolhumans.org\/es\/que-ocurre-cuando-vives-con-un-trauma\/\" rel=\"bookmark\">Qu\u00e9 ocurre cuando vives con un trauma<\/a><\/h5><div class=\"post_meta sc_blogger_item_meta post_meta\"><span class=\"post_meta_item post_date\"><a href=\"https:\/\/www.coolhumans.org\/es\/que-ocurre-cuando-vives-con-un-trauma\/\">14 de mayo de 2025<\/a><\/span><a href=\"https:\/\/www.coolhumans.org\/es\/que-ocurre-cuando-vives-con-un-trauma\/#respond\" class=\"post_meta_item post_meta_comments icon-comment-light\"><span class=\"post_meta_number\">0<\/span><span class=\"post_meta_label\">Comments<\/span><\/a><\/div><\/div><!-- .entry-content --><\/div><!-- .sc_blogger_item_body --><\/div><!-- .sc_blogger_item --><\/div><div class=\"slider-slide swiper-slide\"><div data-post-id=\"44354\" data-item-number=\"3\" class=\"sc_blogger_item sc_item_container post_container sc_blogger_item_default sc_blogger_item_default_classic sc_blogger_item_odd sc_blogger_item_align_none post_format_standard sc_blogger_item_with_image sc_blogger_item_no_excerpt sc_blogger_item_image_position_top post-44354 post type-post status-publish format-standard has-post-thumbnail hentry category-estandar category-historias tag-abuso tag-adiccion tag-anade tag-ansiedad tag-crisis tag-depresion tag-dolor-cronico tag-enfermedad-autoinmune tag-estres tag-miedo tag-pensamientos-intrusivos tag-primera-terapia tag-quemarse tag-relaciones-disfuncionales tag-ruptura tag-sanacion tag-tdah tag-terapia tag-terapia-somatica tag-trauma\" ><div class=\"sc_blogger_item_body\"><div class=\"post_featured with_thumb hover_link sc_item_featured sc_blogger_item_featured\"><img decoding=\"async\" width=\"480\" height=\"360\" src=\"https:\/\/www.coolhumans.org\/wp-content\/uploads\/2025\/12\/B9F76A50-9E01-42A0-A2EF-0DB3EB3F5B4B_4_5005_c.jpeg\" class=\"attachment-beyoga-thumb-square size-beyoga-thumb-square wp-post-image\" alt=\"\" srcset=\"https:\/\/www.coolhumans.org\/wp-content\/uploads\/2025\/12\/B9F76A50-9E01-42A0-A2EF-0DB3EB3F5B4B_4_5005_c.jpeg 480w, https:\/\/www.coolhumans.org\/wp-content\/uploads\/2025\/12\/B9F76A50-9E01-42A0-A2EF-0DB3EB3F5B4B_4_5005_c-300x225.jpeg 300w, https:\/\/www.coolhumans.org\/wp-content\/uploads\/2025\/12\/B9F76A50-9E01-42A0-A2EF-0DB3EB3F5B4B_4_5005_c-370x278.jpeg 370w, https:\/\/www.coolhumans.org\/wp-content\/uploads\/2025\/12\/B9F76A50-9E01-42A0-A2EF-0DB3EB3F5B4B_4_5005_c-410x308.jpeg 410w\" sizes=\"(max-width: 600px) 100vw, 480px\" \/>\t\t\t\t\t\t<div class=\"mask\"><\/div>\n\t\t\t\t\t\t\t\t\t<a href=\"https:\/\/www.coolhumans.org\/es\/que-es-la-curacion-somatica\/\"  aria-hidden=\"true\" class=\"link\"><\/a>\n\t\t\t<\/div><div class=\"sc_blogger_item_content entry-content\"><div class=\"post_meta sc_blogger_item_meta post_meta_categories\"><span class=\"post_meta_item post_categories cat_sep\"><a href=\"https:\/\/www.coolhumans.org\/es\/category\/estandar\/\" rel=\"category tag\">Est\u00e1ndar<\/a><span class=\"post_meta_item_cat_separator\">, <\/span><a href=\"https:\/\/www.coolhumans.org\/es\/category\/historias\/\" rel=\"category tag\">Historias<\/a><\/span><\/div><h5 class=\"sc_blogger_item_title entry-title\" data-item-number=\"3\"><a href=\"https:\/\/www.coolhumans.org\/es\/que-es-la-curacion-somatica\/\" rel=\"bookmark\">\u00bfQu\u00e9 es la Curaci\u00f3n Som\u00e1tica?<\/a><\/h5><div class=\"post_meta sc_blogger_item_meta post_meta\"><span class=\"post_meta_item post_date\"><a href=\"https:\/\/www.coolhumans.org\/es\/que-es-la-curacion-somatica\/\">21 de noviembre de 2025<\/a><\/span><a href=\"https:\/\/www.coolhumans.org\/es\/que-es-la-curacion-somatica\/#respond\" class=\"post_meta_item post_meta_comments icon-comment-light\"><span class=\"post_meta_number\">0<\/span><span class=\"post_meta_label\">Comments<\/span><\/a><\/div><\/div><!-- .entry-content --><\/div><!-- .sc_blogger_item_body --><\/div><!-- .sc_blogger_item --><\/div><div class=\"slider-slide swiper-slide\"><div data-post-id=\"44423\" data-item-number=\"4\" class=\"sc_blogger_item sc_item_container post_container sc_blogger_item_default sc_blogger_item_default_classic sc_blogger_item_even sc_blogger_item_align_none post_format_standard sc_blogger_item_with_image sc_blogger_item_no_excerpt sc_blogger_item_image_position_top post-44423 post type-post status-publish format-standard has-post-thumbnail hentry category-estandar category-historias tag-abuso tag-adiccion tag-anade tag-ansiedad tag-crisis tag-depresion tag-dolor-cronico tag-enfermedad-autoinmune tag-estres tag-miedo tag-pensamientos-intrusivos tag-primera-terapia tag-quemarse tag-relaciones-disfuncionales tag-ruptura tag-sanacion tag-tdah tag-terapia tag-terapia-somatica tag-trauma\" ><div class=\"sc_blogger_item_body\"><div class=\"post_featured with_thumb hover_link sc_item_featured sc_blogger_item_featured\"><img loading=\"lazy\" decoding=\"async\" width=\"768\" height=\"664\" src=\"https:\/\/www.coolhumans.org\/wp-content\/uploads\/2025\/12\/7868F1CA-AF39-424F-A3BE-CD1DDBFE22D8_1_105_c-768x664.jpeg\" class=\"attachment-beyoga-thumb-square size-beyoga-thumb-square wp-post-image\" alt=\"\" \/>\t\t\t\t\t\t<div class=\"mask\"><\/div>\n\t\t\t\t\t\t\t\t\t<a href=\"https:\/\/www.coolhumans.org\/es\/que-tipo-de-terapia-es-la-mejor-para-mi\/\"  aria-hidden=\"true\" class=\"link\"><\/a>\n\t\t\t<\/div><div class=\"sc_blogger_item_content entry-content\"><div class=\"post_meta sc_blogger_item_meta post_meta_categories\"><span class=\"post_meta_item post_categories cat_sep\"><a href=\"https:\/\/www.coolhumans.org\/es\/category\/estandar\/\" rel=\"category tag\">Est\u00e1ndar<\/a><span class=\"post_meta_item_cat_separator\">, <\/span><a href=\"https:\/\/www.coolhumans.org\/es\/category\/historias\/\" rel=\"category tag\">Historias<\/a><\/span><\/div><h5 class=\"sc_blogger_item_title entry-title\" data-item-number=\"4\"><a href=\"https:\/\/www.coolhumans.org\/es\/que-tipo-de-terapia-es-la-mejor-para-mi\/\" rel=\"bookmark\">\u00bfQu\u00e9 tipo de terapia es la mejor para m\u00ed?<\/a><\/h5><div class=\"post_meta sc_blogger_item_meta post_meta\"><span class=\"post_meta_item post_date\"><a href=\"https:\/\/www.coolhumans.org\/es\/que-tipo-de-terapia-es-la-mejor-para-mi\/\">14 de diciembre de 2025<\/a><\/span><a href=\"https:\/\/www.coolhumans.org\/es\/que-tipo-de-terapia-es-la-mejor-para-mi\/#respond\" class=\"post_meta_item post_meta_comments icon-comment-light\"><span class=\"post_meta_number\">0<\/span><span class=\"post_meta_label\">Comments<\/span><\/a><\/div><\/div><!-- .entry-content --><\/div><!-- .sc_blogger_item_body --><\/div><!-- .sc_blogger_item --><\/div><div class=\"slider-slide swiper-slide\"><div data-post-id=\"44168\" data-item-number=\"5\" class=\"sc_blogger_item sc_item_container post_container sc_blogger_item_default sc_blogger_item_default_classic sc_blogger_item_odd sc_blogger_item_align_none post_format_quote sc_blogger_item_with_image sc_blogger_item_no_excerpt sc_blogger_item_image_position_top post-44168 post type-post status-publish format-quote has-post-thumbnail hentry category-estandar category-historias tag-adiccion tag-anade tag-ansiedad tag-crisis tag-depresion tag-dolor-cronico tag-enfermedad-autoinmune tag-estres tag-miedo tag-pensamientos-intrusivos tag-primera-terapia tag-quemarse tag-relaciones-disfuncionales tag-ruptura tag-sanacion tag-tdah tag-terapia tag-terapia-somatica tag-trauma post_format-post-format-quote\" ><div class=\"sc_blogger_item_body\"><div class=\"post_featured with_thumb hover_link sc_item_featured sc_blogger_item_featured\"><img loading=\"lazy\" decoding=\"async\" width=\"768\" height=\"664\" src=\"https:\/\/www.coolhumans.org\/wp-content\/uploads\/2025\/09\/5F87B432-C22A-400E-A495-562D91DDEEF9_1_105_c-768x664.jpeg\" class=\"attachment-beyoga-thumb-square size-beyoga-thumb-square wp-post-image\" alt=\"\" \/>\t\t\t\t\t\t<div class=\"mask\"><\/div>\n\t\t\t\t\t\t\t\t\t<a href=\"https:\/\/www.coolhumans.org\/es\/tdah\/\"  aria-hidden=\"true\" class=\"link\"><\/a>\n\t\t\t<\/div><div class=\"sc_blogger_item_content entry-content\"><div class=\"post_meta sc_blogger_item_meta post_meta_categories\"><span class=\"post_meta_item post_categories cat_sep\"><a href=\"https:\/\/www.coolhumans.org\/es\/category\/estandar\/\" rel=\"category tag\">Est\u00e1ndar<\/a><span class=\"post_meta_item_cat_separator\">, <\/span><a href=\"https:\/\/www.coolhumans.org\/es\/category\/historias\/\" rel=\"category tag\">Historias<\/a><\/span><\/div><h5 class=\"sc_blogger_item_title entry-title\" data-item-number=\"5\"><a href=\"https:\/\/www.coolhumans.org\/es\/tdah\/\" rel=\"bookmark\">TDAH<\/a><\/h5><div class=\"post_meta sc_blogger_item_meta post_meta\"><span class=\"post_meta_item post_date\"><a href=\"https:\/\/www.coolhumans.org\/es\/tdah\/\">16 de diciembre de 2025<\/a><\/span><a href=\"https:\/\/www.coolhumans.org\/es\/tdah\/#respond\" class=\"post_meta_item post_meta_comments icon-comment-light\"><span class=\"post_meta_number\">0<\/span><span class=\"post_meta_label\">Comments<\/span><\/a><\/div><\/div><!-- .entry-content --><\/div><!-- .sc_blogger_item_body --><\/div><!-- .sc_blogger_item --><\/div><\/div><\/div><div class=\"slider_pagination_wrap swiper-pagination\"><\/div><\/div><\/div>\t\t\t\t<\/div>\n\t\t\t\t<\/div>\n\t\t\t\t\t<\/div>\n\t\t<\/div>\n\t\t\t\t\t<\/div>\n\t\t<\/section>\n\t\t\t\t<\/div>\n\t\t","protected":false},"excerpt":{"rendered":"<p>As someone who\u2019s been shut down emotionally for nearly a decade, I am in awe that I find myself crying cleansing tears during most Compassionate Inquiry sessions. This is largely&hellip;<\/p>\n","protected":false},"author":1,"featured_media":0,"parent":0,"menu_order":0,"comment_status":"closed","ping_status":"closed","template":"","meta":{"footnotes":""},"class_list":["post-44358","page","type-page","status-publish","hentry"],"_links":{"self":[{"href":"https:\/\/www.coolhumans.org\/es\/wp-json\/wp\/v2\/pages\/44358","targetHints":{"allow":["GET"]}}],"collection":[{"href":"https:\/\/www.coolhumans.org\/es\/wp-json\/wp\/v2\/pages"}],"about":[{"href":"https:\/\/www.coolhumans.org\/es\/wp-json\/wp\/v2\/types\/page"}],"author":[{"embeddable":true,"href":"https:\/\/www.coolhumans.org\/es\/wp-json\/wp\/v2\/users\/1"}],"replies":[{"embeddable":true,"href":"https:\/\/www.coolhumans.org\/es\/wp-json\/wp\/v2\/comments?post=44358"}],"version-history":[{"count":1,"href":"https:\/\/www.coolhumans.org\/es\/wp-json\/wp\/v2\/pages\/44358\/revisions"}],"predecessor-version":[{"id":44359,"href":"https:\/\/www.coolhumans.org\/es\/wp-json\/wp\/v2\/pages\/44358\/revisions\/44359"}],"wp:attachment":[{"href":"https:\/\/www.coolhumans.org\/es\/wp-json\/wp\/v2\/media?parent=44358"}],"curies":[{"name":"wp","href":"https:\/\/api.w.org\/{rel}","templated":true}]}}